{"id":9379,"date":"2023-03-28T10:53:01","date_gmt":"2023-03-28T16:53:01","guid":{"rendered":"https:\/\/www.cobaeh.edu.mx\/?page_id=9379"},"modified":"2024-10-09T11:31:47","modified_gmt":"2024-10-09T17:31:47","slug":"ordenamientos-juridicos-del-sistema-nacional-anticorrupcion-sna","status":"publish","type":"page","link":"https:\/\/www.cobaeh.edu.mx\/?page_id=9379","title":{"rendered":"Ordenamientos jur\u00eddicos del Sistema Nacional Anticorrupci\u00f3n (SNA)"},"content":{"rendered":"\t\t<div data-elementor-type=\"wp-page\" data-elementor-id=\"9379\" class=\"elementor elementor-9379\">\n\t\t\t\t\t\t\t\t\t<section data-particle_enable=\"false\" data-particle-mobile-disabled=\"false\" class=\"elementor-section elementor-top-section elementor-element elementor-element-2760f58 elementor-section-full_width elementor-section-height-default elementor-section-height-default\" data-id=\"2760f58\" data-element_type=\"section\" data-settings=\"{&quot;background_background&quot;:&quot;classic&quot;,&quot;jet_parallax_layout_list&quot;:[{&quot;jet_parallax_layout_image&quot;:{&quot;url&quot;:&quot;&quot;,&quot;id&quot;:&quot;&quot;},&quot;_id&quot;:&quot;5cbd47d&quot;,&quot;jet_parallax_layout_image_tablet&quot;:{&quot;url&quot;:&quot;&quot;,&quot;id&quot;:&quot;&quot;},&quot;jet_parallax_layout_image_mobile&quot;:{&quot;url&quot;:&quot;&quot;,&quot;id&quot;:&quot;&quot;},&quot;jet_parallax_layout_speed&quot;:{&quot;unit&quot;:&quot;%&quot;,&quot;size&quot;:50,&quot;sizes&quot;:[]},&quot;jet_parallax_layout_type&quot;:&quot;scroll&quot;,&quot;jet_parallax_layout_direction&quot;:null,&quot;jet_parallax_layout_fx_direction&quot;:null,&quot;jet_parallax_layout_z_index&quot;:&quot;&quot;,&quot;jet_parallax_layout_bg_x&quot;:50,&quot;jet_parallax_layout_bg_x_tablet&quot;:&quot;&quot;,&quot;jet_parallax_layout_bg_x_mobile&quot;:&quot;&quot;,&quot;jet_parallax_layout_bg_y&quot;:50,&quot;jet_parallax_layout_bg_y_tablet&quot;:&quot;&quot;,&quot;jet_parallax_layout_bg_y_mobile&quot;:&quot;&quot;,&quot;jet_parallax_layout_bg_size&quot;:&quot;auto&quot;,&quot;jet_parallax_layout_bg_size_tablet&quot;:&quot;&quot;,&quot;jet_parallax_layout_bg_size_mobile&quot;:&quot;&quot;,&quot;jet_parallax_layout_animation_prop&quot;:&quot;transform&quot;,&quot;jet_parallax_layout_on&quot;:[&quot;desktop&quot;,&quot;tablet&quot;]}]}\">\n\t\t\t\t\t\t\t<div class=\"elementor-background-overlay\"><\/div>\n\t\t\t\t\t\t\t<div class=\"elementor-container elementor-column-gap-default\">\n\t\t\t\t\t<div class=\"elementor-column elementor-col-100 elementor-top-column elementor-element elementor-element-9c122fb\" data-id=\"9c122fb\" data-element_type=\"column\" data-settings=\"{&quot;background_background&quot;:&quot;classic&quot;}\">\n\t\t\t<div class=\"elementor-widget-wrap elementor-element-populated\">\n\t\t\t\t\t\t\t\t<section data-particle_enable=\"false\" data-particle-mobile-disabled=\"false\" class=\"elementor-section elementor-inner-section elementor-element elementor-element-6f6423a elementor-section-boxed elementor-section-height-default elementor-section-height-default\" data-id=\"6f6423a\" data-element_type=\"section\" data-settings=\"{&quot;jet_parallax_layout_list&quot;:[{&quot;jet_parallax_layout_image&quot;:{&quot;url&quot;:&quot;&quot;,&quot;id&quot;:&quot;&quot;},&quot;_id&quot;:&quot;1e231d4&quot;,&quot;jet_parallax_layout_image_tablet&quot;:{&quot;url&quot;:&quot;&quot;,&quot;id&quot;:&quot;&quot;},&quot;jet_parallax_layout_image_mobile&quot;:{&quot;url&quot;:&quot;&quot;,&quot;id&quot;:&quot;&quot;},&quot;jet_parallax_layout_speed&quot;:{&quot;unit&quot;:&quot;%&quot;,&quot;size&quot;:50,&quot;sizes&quot;:[]},&quot;jet_parallax_layout_type&quot;:&quot;scroll&quot;,&quot;jet_parallax_layout_direction&quot;:null,&quot;jet_parallax_layout_fx_direction&quot;:null,&quot;jet_parallax_layout_z_index&quot;:&quot;&quot;,&quot;jet_parallax_layout_bg_x&quot;:50,&quot;jet_parallax_layout_bg_x_tablet&quot;:&quot;&quot;,&quot;jet_parallax_layout_bg_x_mobile&quot;:&quot;&quot;,&quot;jet_parallax_layout_bg_y&quot;:50,&quot;jet_parallax_layout_bg_y_tablet&quot;:&quot;&quot;,&quot;jet_parallax_layout_bg_y_mobile&quot;:&quot;&quot;,&quot;jet_parallax_layout_bg_size&quot;:&quot;auto&quot;,&quot;jet_parallax_layout_bg_size_tablet&quot;:&quot;&quot;,&quot;jet_parallax_layout_bg_size_mobile&quot;:&quot;&quot;,&quot;jet_parallax_layout_animation_prop&quot;:&quot;transform&quot;,&quot;jet_parallax_layout_on&quot;:[&quot;desktop&quot;,&quot;tablet&quot;]}]}\">\n\t\t\t\t\t\t<div class=\"elementor-container elementor-column-gap-default\">\n\t\t\t\t\t<div class=\"elementor-column elementor-col-100 elementor-inner-column elementor-element elementor-element-80f53ae\" data-id=\"80f53ae\" data-element_type=\"column\">\n\t\t\t<div class=\"elementor-widget-wrap elementor-element-populated\">\n\t\t\t\t\t\t\t\t<div class=\"elementor-element elementor-element-51330d3 modalidades elementor-widget elementor-widget-text-editor\" data-id=\"51330d3\" data-element_type=\"widget\" data-widget_type=\"text-editor.default\">\n\t\t\t\t<div class=\"elementor-widget-container\">\n\t\t\t<style>\/*! elementor - v3.6.5 - 27-04-2022 *\/\n.elementor-widget-text-editor.elementor-drop-cap-view-stacked .elementor-drop-cap{background-color:#818a91;color:#fff}.elementor-widget-text-editor.elementor-drop-cap-view-framed .elementor-drop-cap{color:#818a91;border:3px solid;background-color:transparent}.elementor-widget-text-editor:not(.elementor-drop-cap-view-default) .elementor-drop-cap{margin-top:8px}.elementor-widget-text-editor:not(.elementor-drop-cap-view-default) .elementor-drop-cap-letter{width:1em;height:1em}.elementor-widget-text-editor .elementor-drop-cap{float:left;text-align:center;line-height:1;font-size:50px}.elementor-widget-text-editor .elementor-drop-cap-letter{display:inline-block}<\/style>\t\t\t\t<p>\u00a0<\/p><p>\u00a0<\/p><p>Ordenamientos Jur\u00eddicos del Sistema Nacional Anticorrupci\u00f3n\u00a0<\/p>\t\t\t\t\t\t<\/div>\n\t\t\t\t<\/div>\n\t\t\t\t\t<\/div>\n\t\t<\/div>\n\t\t\t\t\t\t\t<\/div>\n\t\t<\/section>\n\t\t\t\t\t<\/div>\n\t\t<\/div>\n\t\t\t\t\t\t\t<\/div>\n\t\t<\/section>\n\t\t\t\t<section data-particle_enable=\"false\" data-particle-mobile-disabled=\"false\" class=\"elementor-section elementor-top-section elementor-element elementor-element-11b44ada elementor-section-boxed elementor-section-height-default elementor-section-height-default\" data-id=\"11b44ada\" data-element_type=\"section\" data-settings=\"{&quot;jet_parallax_layout_list&quot;:[{&quot;jet_parallax_layout_image&quot;:{&quot;url&quot;:&quot;&quot;,&quot;id&quot;:&quot;&quot;},&quot;_id&quot;:&quot;8d567b4&quot;,&quot;jet_parallax_layout_image_tablet&quot;:{&quot;url&quot;:&quot;&quot;,&quot;id&quot;:&quot;&quot;},&quot;jet_parallax_layout_image_mobile&quot;:{&quot;url&quot;:&quot;&quot;,&quot;id&quot;:&quot;&quot;},&quot;jet_parallax_layout_speed&quot;:{&quot;unit&quot;:&quot;%&quot;,&quot;size&quot;:50,&quot;sizes&quot;:[]},&quot;jet_parallax_layout_type&quot;:&quot;scroll&quot;,&quot;jet_parallax_layout_direction&quot;:null,&quot;jet_parallax_layout_fx_direction&quot;:null,&quot;jet_parallax_layout_z_index&quot;:&quot;&quot;,&quot;jet_parallax_layout_bg_x&quot;:50,&quot;jet_parallax_layout_bg_x_tablet&quot;:&quot;&quot;,&quot;jet_parallax_layout_bg_x_mobile&quot;:&quot;&quot;,&quot;jet_parallax_layout_bg_y&quot;:50,&quot;jet_parallax_layout_bg_y_tablet&quot;:&quot;&quot;,&quot;jet_parallax_layout_bg_y_mobile&quot;:&quot;&quot;,&quot;jet_parallax_layout_bg_size&quot;:&quot;auto&quot;,&quot;jet_parallax_layout_bg_size_tablet&quot;:&quot;&quot;,&quot;jet_parallax_layout_bg_size_mobile&quot;:&quot;&quot;,&quot;jet_parallax_layout_animation_prop&quot;:&quot;transform&quot;,&quot;jet_parallax_layout_on&quot;:[&quot;desktop&quot;,&quot;tablet&quot;]}]}\">\n\t\t\t\t\t\t<div class=\"elementor-container elementor-column-gap-default\">\n\t\t\t\t\t<div class=\"elementor-column elementor-col-100 elementor-top-column elementor-element elementor-element-b91f169\" data-id=\"b91f169\" data-element_type=\"column\">\n\t\t\t<div class=\"elementor-widget-wrap elementor-element-populated\">\n\t\t\t\t\t\t\t\t<div class=\"elementor-element elementor-element-39aeed48 elementor-widget elementor-widget-text-editor\" data-id=\"39aeed48\" data-element_type=\"widget\" data-widget_type=\"text-editor.default\">\n\t\t\t\t<div class=\"elementor-widget-container\">\n\t\t\t\t\t\t\t<p><span style=\"color: #000000;\"><style>\/*! elementor - v3.6.5 - 27-04-2022 *\/<br \/>.e-container.e-container--row .elementor-spacer-inner{width:var(--spacer-size)}.e-container.e-container--column .elementor-spacer-inner,.elementor-column .elementor-spacer-inner{height:var(--spacer-size)}<\/style><\/span><\/p><h3><span style=\"color: #000000;\"><b>ORDENAMIENTOS JUR\u00cdDICOS DEL SISTEMA NACIONAL ANTICORRUPCI\u00d3N.<\/b><\/span><\/h3><p><span style=\"color: #000000;\"><style>\/*! elementor - v3.6.5 - 27-04-2022 *\/<br \/>.elementor-widget-divider{--divider-border-style:none;--divider-border-width:1px;--divider-color:#2c2c2c;--divider-icon-size:20px;--divider-element-spacing:10px;--divider-pattern-height:24px;--divider-pattern-size:20px;--divider-pattern-url:none;--divider-pattern-repeat:repeat-x}.elementor-widget-divider .elementor-divider{display:-webkit-box;display:-ms-flexbox;display:flex}.elementor-widget-divider .elementor-divider__text{font-size:15px;line-height:1;max-width:95%}.elementor-widget-divider .elementor-divider__element{margin:0 var(--divider-element-spacing);-ms-flex-negative:0;flex-shrink:0}.elementor-widget-divider .elementor-icon{font-size:var(--divider-icon-size)}.elementor-widget-divider .elementor-divider-separator{display:-webkit-box;display:-ms-flexbox;display:flex;margin:0;direction:ltr}.elementor-widget-divider--view-line_icon .elementor-divider-separator,.elementor-widget-divider--view-line_text .elementor-divider-separator{-webkit-box-align:center;-ms-flex-align:center;align-items:center}.elementor-widget-divider--view-line_icon .elementor-divider-separator:after,.elementor-widget-divider--view-line_icon .elementor-divider-separator:before,.elementor-widget-divider--view-line_text .elementor-divider-separator:after,.elementor-widget-divider--view-line_text .elementor-divider-separator:before{display:block;content:\"\";border-bottom:0;-webkit-box-flex:1;-ms-flex-positive:1;flex-grow:1;border-top:var(--divider-border-width) var(--divider-border-style) var(--divider-color)}.elementor-widget-divider--element-align-left .elementor-divider .elementor-divider-separator>.elementor-divider__svg:first-of-type{-webkit-box-flex:0;-ms-flex-positive:0;flex-grow:0;-ms-flex-negative:100;flex-shrink:100}.elementor-widget-divider--element-align-left .elementor-divider-separator:before{content:none}.elementor-widget-divider--element-align-left .elementor-divider__element{margin-left:0}.elementor-widget-divider--element-align-right .elementor-divider .elementor-divider-separator>.elementor-divider__svg:last-of-type{-webkit-box-flex:0;-ms-flex-positive:0;flex-grow:0;-ms-flex-negative:100;flex-shrink:100}.elementor-widget-divider--element-align-right .elementor-divider-separator:after{content:none}.elementor-widget-divider--element-align-right .elementor-divider__element{margin-right:0}.elementor-widget-divider:not(.elementor-widget-divider--view-line_text):not(.elementor-widget-divider--view-line_icon) .elementor-divider-separator{border-top:var(--divider-border-width) var(--divider-border-style) var(--divider-color)}.elementor-widget-divider--separator-type-pattern{--divider-border-style:none}.elementor-widget-divider--separator-type-pattern.elementor-widget-divider--view-line .elementor-divider-separator,.elementor-widget-divider--separator-type-pattern:not(.elementor-widget-divider--view-line) .elementor-divider-separator:after,.elementor-widget-divider--separator-type-pattern:not(.elementor-widget-divider--view-line) .elementor-divider-separator:before,.elementor-widget-divider--separator-type-pattern:not([class*=elementor-widget-divider--view]) .elementor-divider-separator{width:100%;min-height:var(--divider-pattern-height);-webkit-mask-size:var(--divider-pattern-size) 100%;mask-size:var(--divider-pattern-size) 100%;-webkit-mask-repeat:var(--divider-pattern-repeat);mask-repeat:var(--divider-pattern-repeat);background-color:var(--divider-color);-webkit-mask-image:var(--divider-pattern-url);mask-image:var(--divider-pattern-url)}.elementor-widget-divider--no-spacing{--divider-pattern-size:auto}.elementor-widget-divider--bg-round{--divider-pattern-repeat:round}.rtl .elementor-widget-divider .elementor-divider__text{direction:rtl}<\/style><\/span><\/p><p><span style=\"color: #000000;\"><a style=\"font-family: inherit; font-size: inherit; font-style: inherit; font-variant-ligatures: inherit; font-variant-caps: inherit; font-weight: inherit; color: #000000;\" href=\"https:\/\/www.cobaeh.edu.mx\/wp-content\/uploads\/2023\/anticorrupcion_2023\/1.1_LGSNA_2021.pdf\">Ley General del Sistema Nacional Anticorrupci\u00f3n. (Nueva)<\/a><\/span><\/p><p><span style=\"color: #000000;\"><a style=\"color: #000000;\" href=\"https:\/\/www.cobaeh.edu.mx\/wp-content\/uploads\/2023\/anticorrupcion_2023\/2.LGRA-reforma-27.12.2022.pdf\">Ley General de Responsabilidades Administrativas. (Nueva)<\/a><\/span><\/p><p><span style=\"color: #000000;\"><a style=\"color: #000000;\" href=\"https:\/\/www.cobaeh.edu.mx\/wp-content\/uploads\/2023\/anticorrupcion_2023\/3.261_33_NORM_5-1.pdf\">Ley Org\u00e1nica del Tribunal Federal de Justicia Administrativa. (Nueva)<\/a><\/span><\/p><p><span style=\"color: #000000;\"><a style=\"color: #000000;\" href=\"https:\/\/www.cobaeh.edu.mx\/wp-content\/uploads\/2023\/anticorrupcion_2023\/4.LFRCF_MAYO_2021.pdf\">Ley de Fiscalizaci\u00f3n Y Rendici\u00f3n de Cuentas de la Federaci\u00f3n. (Nueva)<\/a><\/span><\/p><p><span style=\"color: #000000;\"><a style=\"color: #000000;\" href=\"https:\/\/www.cobaeh.edu.mx\/wp-content\/uploads\/2023\/anticorrupcion_2023\/6.CPF_NOV_2021.pdf\">C\u00f3digo Penal Federal. (Reformado)<\/a><\/span><\/p><p><span style=\"color: #000000;\"><a style=\"color: #000000;\" href=\"https:\/\/www.cobaeh.edu.mx\/wp-content\/uploads\/2023\/anticorrupcion_2023\/7.LOAPF_OCT_2021.pdf\">Ley Org\u00e1nica de la Administraci\u00f3n P\u00fablica Federal. (Reformada)<\/a><\/span><\/p><h3><span style=\"color: #000000;\">\u00a0<\/span><\/h3><h3><span style=\"color: #000000;\">NORMATIVIDAD ESTATAL EN MATERIA DE ANTICORRUPCI\u00d3N.<\/span><\/h3><p><span style=\"color: #000000;\"><a style=\"font-family: inherit; font-size: inherit; font-style: inherit; font-variant-ligatures: inherit; font-variant-caps: inherit; font-weight: inherit; color: #000000;\" href=\"https:\/\/www.cobaeh.edu.mx\/wp-content\/uploads\/2023\/anticorrupcion_2023\/8.HGO_CPEUM_SEP_2021.pdf\">Constituci\u00f3n Pol\u00edtica del Estado de Hidalgo<\/a><\/span><\/p><p><span style=\"color: #000000;\"><a style=\"color: #000000;\" href=\"https:\/\/www.cobaeh.edu.mx\/wp-content\/uploads\/2023\/anticorrupcion_2023\/9.HGO_LEY_SEA_FEB_2022.pdf\">Ley Del Sistema Estatal Anticorrupci\u00f3n de Hidalgo.<\/a><\/span><\/p><p><span style=\"color: #000000;\"><a style=\"color: #000000;\" href=\"https:\/\/www.cobaeh.edu.mx\/wp-content\/uploads\/2023\/anticorrupcion_2023\/10.LGRA_NOV_2021.pdf\">Ley General de Responsabilidades Administrativas.<\/a><\/span><\/p><p><span style=\"color: #000000;\"><a style=\"color: #000000;\" href=\"https:\/\/www.cobaeh.edu.mx\/wp-content\/uploads\/2023\/anticorrupcion_2023\/11.HGO_LEY_FISCALIZACION-SUPERIOR_FEB_2022.pdf\">Ley de Fiscalizaci\u00f3n Superior y Rendici\u00f3n de Cuentas del Estado de Hidalgo.<\/a><\/span><\/p><p><span style=\"color: #000000;\"><a style=\"color: #000000;\" href=\"https:\/\/www.cobaeh.edu.mx\/wp-content\/uploads\/2023\/anticorrupcion_2023\/12.HGO_LEY_TJA_FEB_2022.pdf\">Ley del Tribunal de Justicia Administrativa del Estado de Hidalgo.<\/a><\/span><\/p><p><span style=\"color: #000000;\"><a style=\"color: #000000;\" href=\"https:\/\/www.cobaeh.edu.mx\/wp-content\/uploads\/2023\/anticorrupcion_2023\/13.HGO_LEY_MINISTERIO-PUBLICO_FEB_2022.pdf\">Ley Org\u00e1nica del Ministerio P\u00fablico del Estado de Hidalgo.<\/a><\/span><\/p><p><span style=\"color: #000000;\"><a style=\"color: #000000;\" href=\"https:\/\/www.cobaeh.edu.mx\/wp-content\/uploads\/2023\/anticorrupcion_2023\/14.HGO_CODIGO-PENAL_FEB_2022.pdf\">C\u00f3digo Penal para el Estado de Hidalgo<\/a><\/span><\/p><p><span style=\"color: #000000;\"><a style=\"color: #000000;\" href=\"https:\/\/www.cobaeh.edu.mx\/wp-content\/uploads\/2023\/anticorrupcion_2023\/15.HGO_LEY_ADMON-PUBLICA_FEB_2022.pdf\"> Ley Org\u00e1nica de la Administraci\u00f3n P\u00fablica para el Estado de Hidalgo.<\/a><\/span><\/p><p><span style=\"color: #000000;\"><a style=\"color: #000000;\" href=\"https:\/\/www.cobaeh.edu.mx\/wp-content\/uploads\/2023\/anticorrupcion_2023\/16.HGO_LEY-DE-RESPONSABILIDADES-ADMINISTRATIVAS-DEL-ESTADO-DE-HIDALGO.pdf\">Ley de Responsabilidades Administrativas del Estado de Hidalgo.<\/a><\/span><\/p><p><span style=\"color: #000000;\"><a style=\"color: #000000;\" href=\"https:\/\/www.cobaeh.edu.mx\/wp-content\/uploads\/2023\/anticorrupcion_2023\/17.LNED_MAR_2022.pdf\">Ley Nacional de Extinci\u00f3n de Dominio<\/a><\/span><\/p>\t\t\t\t\t\t<\/div>\n\t\t\t\t<\/div>\n\t\t\t\t\t<\/div>\n\t\t<\/div>\n\t\t\t\t\t\t\t<\/div>\n\t\t<\/section>\n\t\t\t\t\t\t\t<\/div>\n\t\t","protected":false},"excerpt":{"rendered":"<p>\u00a0 \u00a0 Ordenamientos Jur\u00eddicos del Sistema Nacional Anticorrupci\u00f3n\u00a0 ORDENAMIENTOS JUR\u00cdDICOS DEL SISTEMA NACIONAL ANTICORRUPCI\u00d3N. Ley General del Sistema Nacional Anticorrupci\u00f3n. (Nueva) Ley General de Responsabilidades Administrativas. (Nueva) Ley Org\u00e1nica del Tribunal Federal de Justicia Administrativa. (Nueva) Ley de Fiscalizaci\u00f3n Y Rendici\u00f3n de Cuentas de la Federaci\u00f3n. (Nueva) C\u00f3digo Penal Federal. (Reformado) Ley Org\u00e1nica de la&hellip;<\/p>\n","protected":false},"author":16,"featured_media":0,"parent":0,"menu_order":0,"comment_status":"closed","ping_status":"closed","template":"elementor_header_footer","meta":{"footnotes":""},"_links":{"self":[{"href":"https:\/\/www.cobaeh.edu.mx\/index.php?rest_route=\/wp\/v2\/pages\/9379"}],"collection":[{"href":"https:\/\/www.cobaeh.edu.mx\/index.php?rest_route=\/wp\/v2\/pages"}],"about":[{"href":"https:\/\/www.cobaeh.edu.mx\/index.php?rest_route=\/wp\/v2\/types\/page"}],"author":[{"embeddable":true,"href":"https:\/\/www.cobaeh.edu.mx\/index.php?rest_route=\/wp\/v2\/users\/16"}],"replies":[{"embeddable":true,"href":"https:\/\/www.cobaeh.edu.mx\/index.php?rest_route=%2Fwp%2Fv2%2Fcomments&post=9379"}],"version-history":[{"count":79,"href":"https:\/\/www.cobaeh.edu.mx\/index.php?rest_route=\/wp\/v2\/pages\/9379\/revisions"}],"predecessor-version":[{"id":15623,"href":"https:\/\/www.cobaeh.edu.mx\/index.php?rest_route=\/wp\/v2\/pages\/9379\/revisions\/15623"}],"wp:attachment":[{"href":"https:\/\/www.cobaeh.edu.mx\/index.php?rest_route=%2Fwp%2Fv2%2Fmedia&parent=9379"}],"curies":[{"name":"wp","href":"https:\/\/api.w.org\/{rel}","templated":true}]}}